{"id":10,"date":"2013-01-19T12:24:35","date_gmt":"2013-01-19T12:24:35","guid":{"rendered":""},"modified":"2019-04-11T11:33:02","modified_gmt":"2019-04-11T11:33:02","slug":"career","status":"publish","type":"page","link":"https:\/\/www.ainaclotet.com\/i\/fr\/career\/","title":{"rendered":"Carri\u00e8re"},"content":{"rendered":"<p>CIN\u00c9MA<\/p>\n<ul>\n<li><strong>&#8220;Vivir dos veces&#8221;<\/strong> Dir Maria Ripoll, 2019<\/li>\n<li><strong>\u201cMirage\u201d <\/strong>Dir. Oriol Paulo, 2018<\/li>\n<li><strong>\u201c7 razones para huir\u201d <\/strong>Dir. Esteve Soler, Gerard Quinto y David Torras. 2018<\/li>\n<li><strong>\u00a0\u201cFilla d\u2019alg\u00fa\u201d <\/strong>Dir. ESCAC Films, 2018<\/li>\n<li><strong>&#8220;Nana&#8221; (short)<\/strong> by Roger Villaroya \/ 2018<\/li>\n<li><strong>&#8220;Tiger&#8221; (short)\u00a0<\/strong>by Aina Clotet \/ 2016<\/li>\n<li><strong>\u201cBarcelona, nit d\u2019hivern\u201d <\/strong>Dir. Dani de la Orden. El Terrat, 2015<\/li>\n<li><strong>\u00a0\u201cDifuminado\u201d <\/strong>Dir. Pere Koniec. 2014<\/li>\n<li><strong>\u201cTraces of Sandalwood\u201d <\/strong>Dir. Maria Ripoll. 2014<\/li>\n<li><strong>\u201cEt dec una nit de divendres\u201d <\/strong>Dir. Dimas Rodr\u00edguez. 2013<\/li>\n<li><strong>\u201cLos ni\u00f1os salvajes\u201d <\/strong>Dir. Patricia Ferreira, 2011<\/li>\n<li><strong>\u201cLes Infid\u00e8ls\u201d<\/strong> Dir. Michel Hazanavicius, 2011<\/li>\n<li><strong>&#8220;Bad Girl&#8221;\u00a0<strong>(short)<\/strong><\/strong> by \u00a0Neil LaButte \/ 2010<\/li>\n<li><strong>&#8220;Room 21&#8221;\u00a0<strong>(short)<\/strong><\/strong> by\u00a0Roger Gual \/ 2010<\/li>\n<li><strong>\u201cEl g\u00e8nere femen\u00ed\u201d <\/strong>Dir. Carlos Benpart 2010<\/li>\n<li><strong>\u201cElisa K\u201d <\/strong>Dirs. Judith Colell and Jordi Cadena, 2009<\/li>\n<li><strong>\u201c53 d\u00edas de invierno\u201d<\/strong> Dir. Judith Colell, 2007<\/li>\n<li><strong>\u201cAnimals ferits\u201d<\/strong> Dir. Ventura Pons, 2006<\/li>\n<li><strong>\u00a0\u201cJoves\u201d<\/strong> Dir. Ramon Termens and Carles Torras, 2004<\/li>\n<li><strong>\u201cMala uva\u201d <\/strong>Dir. Javier Domingo, 2004<\/li>\n<li><strong>\u201cSoledad es m\u00e1s puta en verano\u201d <\/strong>Dir. Ignacio Delgado, 2004<\/li>\n<li><strong>\u00a0\u201cAnita no pierde el tren\u201d (Anita n&#8217;en fait qu&#8217;a sa t\u00eate)\u00a0<\/strong>Dir. Ventura Pons, 2001<\/li>\n<\/ul>\n<p>&nbsp;<\/p>\n<p>TV<\/p>\n<ul>\n<li><strong>\u2022\u00a0\u201cMatar al padre\u201d <\/strong>Serial Movistar+. Dir. Mar Coll, 2018<br \/>\n<strong>\u2022\u00a0\u201cLa que se avecina\u201d <\/strong>Serial Telecinco, 2018<br \/>\n<strong>\u2022\u00a0\u201cBenvinguts a la familia\u201d <\/strong>Serial TV3, 2018<br \/>\n<strong>\u2022\u00a0\u201cVelvet Colecci\u00f3n\u201d <\/strong>Serial Movistar+, 2017<br \/>\n<strong>\u2022\u00a0\u201cLa Trashtienda\u201d <\/strong>Serial Telecinco. Pilot. Dir. Alberto Caballero, 2017<br \/>\n<strong>\u2022\u00a0\u201cEl Crac\u201d <\/strong>Serial TV3. Dir. Joel Joan. 2016<br \/>\n<strong>\u2022\u00a0\u201cComics\u201d <\/strong>Serial TV3. 2015<br \/>\n<strong>\u2022\u00a0\u201cLa Sala\u00f3\u201d <\/strong>Miniserial TV3. Dir. Jes\u00fas Font. 2013<br \/>\n<strong>\u2022\u00a0\u201cGran Nord\u201d <\/strong>\u2013 serial TV3, 2011<br \/>\n<strong>\u2022\u00a0\u201cInterpol\u201d <\/strong>\u2013 serial TF1 (France), 2012<br \/>\n<strong>\u2022\u00a0\u201cInfidels\u201d <\/strong>\u2013 serial TV3, 2009-2010<br \/>\n<strong>\u2022\u00a0\u201cPositius\u201d<\/strong> \u2013 TVMovie \u2013 Dir. Judith Colell, 2007 , written by Aina Clotet and Alex Ma\u00f1as.<br \/>\n<strong>\u2022\u00a0\u201cEl cor de la ciutat\u201d<\/strong> \u2013 serial TV3, 2006-07<br \/>\n<strong>\u2022\u00a0\u201cHospital Central\u201d <\/strong>\u2013 serial Tele 5, 2005<br \/>\n<strong>\u2022\u00a0\u201cSpront especial\u201d<\/strong> \u2013 TVMovie \u2013 Dir. Juan Carlos Claver, 2005<br \/>\n<strong>\u2022\u00a0\u201cMirall trencat\u201d<\/strong> \u2013 serial TV3, 2002<\/li>\n<li><strong>\u2022\u00a0\u201cTemps de silenci\u201d <\/strong>\u2013 serial TV3, 2001<br \/>\n<strong>\u2022\u00a0<\/strong><strong>\u201cDes del balc\u00f3\u201d<\/strong> \u2013 serial TV3, 2001<\/li>\n<li><strong>&#8220;Estaci\u00f3 d&#8217;enlla\u00e7&#8221;<\/strong>&#8211; serial TV3, 1994-1998<\/li>\n<\/ul>\n<p>&nbsp;<\/p>\n<p>AWARDS<\/p>\n<ul>\n<li><strong>\u2022 <\/strong>Biznaga de Plata Award as Best\u00a0Actress for \u201c<em>La filla d&#8217;Alg\u00fa<\/em>\u201d. 2019<\/li>\n<li>Biznaga de Plata Award as Best Supporting role for \u201c<em>Los ninos salvajes<\/em>\u201d. 2012<br \/>\n<strong>\u2022\u00a0<\/strong>Sant Jordi Award as Best Actress for \u201c<em>Elisa K<\/em>\u201d, 2010<br \/>\n<strong>\u2022\u00a0<\/strong>Butaca Award as Best Actress for \u201c<em>53 d\u00edas de invierno<\/em>\u201d, 2008<br \/>\n<strong>\u2022\u00a0<\/strong>Award as Best Actress for \u201c<em>53 d\u00edas de invierno<\/em>\u201d. Toulouse Festival. 2007<br \/>\n<strong>\u2022\u00a0<\/strong>Award as Breakout Actress for \u201c<em>53 d\u00edas de invierno<\/em>\u201d. Toulouse Festival. 2007<br \/>\n<strong>\u2022\u00a0<\/strong>Award as Best Actress for \u201c<em>Joves<\/em>\u201d. Barcelona Cinema Awards, 2004<\/li>\n<\/ul>\n<p>&nbsp;<\/p>\n<p>TH\u00c9ATRE<\/p>\n<ul>\n<li><strong><strong>\u00a0<\/strong>\u201cEl sistema solar\u201d<\/strong> by Mariana de Althaus Dir. Carol L\u00f3pez. Teatre Lliure. 2018<br \/>\n<strong><strong>\u2022\u00a0<\/strong>\u201cJoc de miralls\u201d<\/strong> by Annie Baker. Dir. Juan Carlos Martel. Lliure Theatre. 2015<br \/>\n<strong>\u2022\u00a0\u201cEx-change\u201d<\/strong> by Brad Milison. Dir. Marta Gen\u00e9 Camos. Young Storyteller Foundation. Los Angeles. 2013<br \/>\n<strong>\u2022\u00a0\u201cAlgo\u201d <\/strong>by Alex Ma\u00f1as. Villarroel Theatre. 2013<br \/>\n<strong>\u2022\u00a0\u201cEscenas de un Matrimonio\/Sarabanda\u201d <\/strong>by Ingmar Bergman. Dir. Marta Angelat. Teatre Nacional de Catalunya \u2013 \u00a0Espa\u00f1ol Theatre. 2010<br \/>\n<strong>\u2022\u00a0\u201cGermanes\/Hermanas\u201d by\u00a0<\/strong>Carol L\u00f3pez. \u00a0Villarroel Theatre\u00a0Barcelona. 2008. Tour around Spain. 2008-2009<br \/>\n<strong>\u2022\u00a0\u201cSonets\u201c<\/strong> by Jordi Prat i Coll. Planeta Theatre\u00a0Girona. 2007<br \/>\n<strong>\u2022\u00a0\u201cBorges y S\u00e1bato\u201d<\/strong> Dramatic Reading directed by Carles Canut. Romea Theatre\u00a0Barcelona. 2006<br \/>\n<strong>\u2022\u00a0\u201cLas se\u00f1oritas de Siam\u201d <\/strong>by Ever Blanchet. Versus Theatre\u00a0Barcelona. 2005<br \/>\n<strong>\u2022\u00a0\u201cAlgo\u201d<\/strong> by Alex Ma\u00f1as. Versus Theatre\u00a0Barcelona and \u00a0Tarambana Theatre\u00a0Madrid. 2005-2006<br \/>\n<strong>\u2022\u00a0\u201cGeloses\u201d <\/strong>by Esther Villar. \u00a0Villarroel Theatre\u00a0Barcelona. 2003<br \/>\n<strong>\u2022\u00a0\u201cTota una senyora\u201d<\/strong> by Montserrat Cornet. Goya Theatre\u00a0Barcelona. 2002<\/li>\n<\/ul>\n<p>&nbsp;<\/p>\n<p>FORMATION<\/p>\n<ul>\n<li>LICENC\u00c9E EN COMMUNICATION AUDIOVISUELLE &#8211; Universit\u00e9 de Pompeu Fabra de Barcelone<\/li>\n<li>FORMATION DE L\u2019ACTEUR &#8211; \u00c9cole Nancy Tu\u00f1\u00f3n. Barcelone<\/li>\n<li>WORKSHOPS &#8211; Le jeu, M\u00e9lodrame et Clown avec Phillipe Gaulier. Londres<\/li>\n<li>INTERPRETATI\u00d3N &#8211; Nancy Tu\u00f1\u00f3n, Javier Daulte, Enrique Urbizu, Claudio Tolcachir, Pablo Messiez, Andr\u00e9s Lima, Willam Dafoe&#8230;<\/li>\n<li>DANSE CONTEMPORAINE &#8211; Peter Goss, Coco Com\u00edn, Eul\u00e0lia Blasi, Varium<\/li>\n<li>FLAMENCO &#8211; \u00c9cole Flora Albaic\u00edn<\/li>\n<li>DANSE-TH\u00c9ATRE &#8211; Tom\u00e9o Verg\u00e9s. Avignon<\/li>\n<li>PIANO<\/li>\n<\/ul>\n<p>&nbsp;<\/p>\n<p>LANGUES<\/p>\n<ul>\n<li>Catalan<\/li>\n<li>Espagnol<\/li>\n<li>Anglais<\/li>\n<li>Fran\u00e7ais<\/li>\n<\/ul>\n<p>&nbsp;<\/p>\n<p>PLUS D&#8217;INFORMATIONS<\/p>\n<div class=\"eight columns omega\">\n<ul>\n<li><strong>\u2022\u00a0<\/strong>Director and Writer of the short \u201c<strong>Tiger<\/strong>\u201d. 2016<br \/>\n<strong>\u2022\u00a0<\/strong>\u201c<strong>Welcome refugees<\/strong>\u201d. Video for <strong>Save the Children<\/strong>. 2015<br \/>\n<strong><strong>\u2022\u00a0<\/strong>\u201cNico&amp;Sunset\u201d<\/strong> Dir. Oriol Vila and Raquel Salvador. Webserial. 2014<br \/>\n<strong>\u2022\u00a0Video-album \u201cOn ser\u00e0s dem\u00e0?\u201d <\/strong>by Joan Daus\u00e0. Dir. Dani de la Orden. 2014<br \/>\n<strong>\u2022\u00a0<\/strong>Director and Writer of the webserial \u201c<strong>L.A. Jungle<\/strong>\u201d. 2013-14<br \/>\n<strong>\u2022\u00a0<\/strong>Director of the short \u201c<strong>Mo-di-f\u00ed-ca-te<\/strong>\u201d. 2005<br \/>\n<strong>\u2022\u00a0<\/strong>Writer of the TVMovie \u201c<strong>Positius<\/strong>\u201d with Alex Ma\u00f1as. 2007<\/li>\n<\/ul>\n<\/div>\n","protected":false},"excerpt":{"rendered":"<p>CIN\u00c9MA &#8220;Vivir dos veces&#8221; Dir Maria Ripoll, 2019 \u201cMirage\u201d Dir. Oriol Paulo, 2018 \u201c7 razones [&hellip;]<\/p>\n","protected":false},"author":1,"featured_media":0,"parent":0,"menu_order":0,"comment_status":"closed","ping_status":"closed","template":"page-career.php","meta":{"footnotes":""},"class_list":["post-10","page","type-page","status-publish","hentry"],"_links":{"self":[{"href":"https:\/\/www.ainaclotet.com\/i\/fr\/wp-json\/wp\/v2\/pages\/10","targetHints":{"allow":["GET"]}}],"collection":[{"href":"https:\/\/www.ainaclotet.com\/i\/fr\/wp-json\/wp\/v2\/pages"}],"about":[{"href":"https:\/\/www.ainaclotet.com\/i\/fr\/wp-json\/wp\/v2\/types\/page"}],"author":[{"embeddable":true,"href":"https:\/\/www.ainaclotet.com\/i\/fr\/wp-json\/wp\/v2\/users\/1"}],"replies":[{"embeddable":true,"href":"https:\/\/www.ainaclotet.com\/i\/fr\/wp-json\/wp\/v2\/comments?post=10"}],"version-history":[{"count":6,"href":"https:\/\/www.ainaclotet.com\/i\/fr\/wp-json\/wp\/v2\/pages\/10\/revisions"}],"predecessor-version":[{"id":595,"href":"https:\/\/www.ainaclotet.com\/i\/fr\/wp-json\/wp\/v2\/pages\/10\/revisions\/595"}],"wp:attachment":[{"href":"https:\/\/www.ainaclotet.com\/i\/fr\/wp-json\/wp\/v2\/media?parent=10"}],"curies":[{"name":"wp","href":"https:\/\/api.w.org\/{rel}","templated":true}]}}