{"id":10,"date":"2013-01-13T19:35:31","date_gmt":"2013-01-13T19:35:31","guid":{"rendered":""},"modified":"2018-07-20T19:02:42","modified_gmt":"2018-07-20T19:02:42","slug":"career","status":"publish","type":"page","link":"https:\/\/www.ainaclotet.com\/i\/ca\/career\/","title":{"rendered":"Traject\u00f2ria"},"content":{"rendered":"<div class=\"heading\">\n<p>CINEMA<\/p>\n<\/div>\n<ul>\n<li><strong>\u201cMirage\u201d <\/strong>Dir. Oriol Paulo, 2018<\/li>\n<li><strong>\u201c7 razones para huir\u201d <\/strong>Dir. Esteve Soler, Gerard Quinto y David Torras. 2018<\/li>\n<li><strong>\u00a0\u201cFilla d\u2019alg\u00fa\u201d <\/strong>Dir. ESCAC Films, 2018<\/li>\n<li><strong>&#8220;Nana&#8221; (short)<\/strong> by Roger Villaroya \/ 2018<\/li>\n<li><strong>&#8220;Tiger&#8221; (short)\u00a0<\/strong>by Aina Clotet \/ 2016<\/li>\n<li><strong>\u201cBarcelona, nit d\u2019hivern\u201d <\/strong>Dir. Dani de la Orden. El Terrat, 2015<\/li>\n<li><strong>\u00a0\u201cDifuminado\u201d <\/strong>Dir. Pere Koniec. 2014<\/li>\n<li><strong>\u201cTraces of Sandalwood\u201d <\/strong>Dir. Maria Ripoll. 2014<\/li>\n<li><strong>\u201cEt dec una nit de divendres\u201d <\/strong>Dir. Dimas Rodr\u00edguez. 2013<\/li>\n<li><strong>\u201cLos ni\u00f1os salvajes\u201d <\/strong>Dir. Patricia Ferreira, 2011<\/li>\n<li><strong>\u201cLes Infid\u00e8ls\u201d<\/strong> Dir. Michel Hazanavicius, 2011<\/li>\n<li><strong>&#8220;Bad Girl&#8221;\u00a0(short)<\/strong> by \u00a0Neil LaButte \/ 2010<\/li>\n<li><strong>&#8220;Room 21&#8221;\u00a0(short)<\/strong> by\u00a0Roger Gual \/ 2010<\/li>\n<li><strong>\u201cEl g\u00e8nere femen\u00ed\u201d <\/strong>Dir. Carlos Benpart 2010<\/li>\n<li><strong>\u201cElisa K\u201d <\/strong>Dirs. Judith Colell and Jordi Cadena, 2009<\/li>\n<li><strong>\u201c53 d\u00edas de invierno\u201d<\/strong> Dir. Judith Colell, 2007<\/li>\n<li><strong>\u201cAnimals ferits\u201d<\/strong> Dir. Ventura Pons, 2006<\/li>\n<li><strong>\u00a0\u201cJoves\u201d<\/strong> Dir. Ramon Termens and Carles Torras, 2004<\/li>\n<li><strong>\u201cMala uva\u201d <\/strong>Dir. Javier Domingo, 2004<\/li>\n<li><strong>\u201cSoledad es m\u00e1s puta en verano\u201d <\/strong>Dir. Ignacio Delgado, 2004<\/li>\n<li><strong>\u00a0\u201cAnita no pierde el tren\u201d (Anita n&#8217;en fait qu&#8217;a sa t\u00eate)\u00a0<\/strong>Dir. Ventura Pons, 2001<\/li>\n<\/ul>\n<div class=\"heading\">\n<p>&nbsp;<\/p>\n<p>TELEVISI\u00d3<\/p>\n<\/div>\n<ul>\n<li><strong>\u2022\u00a0\u201cMatar al padre\u201d <\/strong>S\u00e8rie Movistar+. Dir. Mar Coll, 2018<br \/>\n<strong>\u2022\u00a0\u201cLa que se avecina\u201d <\/strong>S\u00e8rie Telecinco, 2018<br \/>\n<strong>\u2022\u00a0\u201cBenvinguts a la familia\u201d <\/strong>S\u00e8rie TV3, 2018<br \/>\n<strong>\u2022\u00a0\u201cVelvet Colecci\u00f3n\u201d <\/strong>S\u00e8rie Movistar+, 2017<br \/>\n<strong>\u2022\u00a0\u201cLa Trashtienda\u201d <\/strong>S\u00e8rie Telecinco. Pilot. Dir. Alberto Caballero, 2017<br \/>\n<strong>\u2022\u00a0\u201cEl Crac\u201d <\/strong>S\u00e8rie TV3. Dir. Joel Joan. 2016<br \/>\n<strong>\u2022\u00a0\u201cComics\u201d <\/strong>S\u00e8rie TV3. 2015<br \/>\n<strong>\u2022\u00a0\u201cLa Sala\u00f3\u201d <\/strong>Minis\u00e8rie TV3. Dir. Jes\u00fas Font. 2013<br \/>\n<strong>\u2022\u00a0\u201cGran Nord\u201d <\/strong>\u2013 s\u00e8rie TV3, 2011<br \/>\n<strong>\u2022\u00a0\u201cInterpol\u201d <\/strong>\u2013 s\u00e8rie TF1 (Fran\u00e7a), 2012<br \/>\n<strong>\u2022\u00a0\u201cInfidels\u201d <\/strong>\u2013 s\u00e8rie TV3, 2009-2010<br \/>\n<strong>\u2022\u00a0\u201cPositius\u201d<\/strong> \u2013 TVMovie \u2013 Dir. Judith Colell, 2007<br \/>\n<strong>\u2022\u00a0\u201cEl cor de la ciutat\u201d<\/strong> \u2013 s\u00e8rie TV3, 2006-07<br \/>\n<strong>\u2022\u00a0\u201cHospital Central\u201d <\/strong>\u2013 s\u00e8rie Tele 5, 2005<br \/>\n<strong>\u2022\u00a0\u201cSpront especial\u201d<\/strong> \u2013 TVMovie \u2013 Dir. Juan Carlos Claver, 2005<br \/>\n<strong>\u2022\u00a0\u201cMirall trencat\u201d<\/strong> \u2013 s\u00e8rie TV3, 2002<br \/>\n<strong>\u2022\u00a0\u201cTemps de silenci\u201d <\/strong>\u2013 s\u00e8rie TV3, 2001<br \/>\n<strong>\u2022\u00a0\u201cDes del balc\u00f3\u201d<\/strong> \u2013 s\u00e8rie TV3, 2001<\/li>\n<li><strong>&#8220;Estaci\u00f3 d&#8217;enlla\u00e7&#8221;<\/strong>&#8211; serial TV3, 1994-1998<\/li>\n<\/ul>\n<p>&nbsp;<\/p>\n<p>PREMIS<\/p>\n<ul>\n<li><b>\u2022\u00a0<\/b>Biznaga de Plata a la Millor Actriu Secund\u00e0ria per \u201c<em>Los ninos salvajes<\/em>\u201d. 2012<br \/>\n<b>\u2022\u00a0<\/b>Premi Sant Jordi a la Millor Actriu per \u201c<em>Elisa K<\/em>\u201d, 2010<br \/>\n<b>\u2022\u00a0<\/b>Premi Butaca a la Millor Interpetaci\u00f3 Femenina de cinema per \u201c<em>53 d\u00edas de invierno<\/em>\u201d, 2008<br \/>\n<b>\u2022\u00a0<\/b>Premi Millor Actriu per \u201c<em>53 d\u00edas de invierno<\/em>\u201d. Festival de Toulouse, 2007<br \/>\n<b>\u2022\u00a0<\/b>Premi Actriu Revelaci\u00f3 per \u201c<em>53 d\u00edas de invierno<\/em>\u201d. Festival de Toulouse, 2007<br \/>\n<b>\u2022\u00a0<\/b>Premi Millor Interpretaci\u00f3 Femenina per \u201c<em>Joves<\/em>\u201d. Premis de Cinema de Barcelona, 2004<\/li>\n<\/ul>\n<p>&nbsp;<\/p>\n<p>TEATRE<\/p>\n<ul>\n<li><strong><strong>\u2022\u00a0<\/strong>\u201cEl sistema solar\u201d<\/strong> de Mariana de Althaus Dir. Carol L\u00f3pez. Teatre Lliure. 2018<br \/>\n<strong><strong>\u2022\u00a0<\/strong>\u201cJoc de miralls\u201d<\/strong> d\u2019Annie Baker. Dir. Juan Carlos Martel. Teatre Lliure. 2015<br \/>\n<strong>\u2022\u00a0\u201cEx-change\u201d<\/strong> de Brad Milison. Dir. Marta Gen\u00e9 Camos. Young Storyteller Foundation. Los \u00c0ngeles. 2013<br \/>\n<strong>\u2022\u00a0\u201cAlgo\u201d <\/strong>d\u2019Alex Ma\u00f1as. Teatre Villarroel. 2013<br \/>\n<strong>\u2022\u00a0\u201cEscenas de un Matrimonio\/Sarabanda\u201d <\/strong>d\u2019Ingmar Bergman. Dir. Marta Angelat. Teatre Nacional de Catalunya \u2013 Teatro Espa\u00f1ol. 2010<br \/>\n<strong>\u2022\u00a0\u201cGermanes\/Hermanas\u201d <\/strong>de Carol L\u00f3pez. Sala Villarroel.\u00a0 Barcelona. 2008. Gira per Espanya 2008-2009<br \/>\n<strong>\u2022\u00a0\u201cSonets\u201c<\/strong> de Jordi Prat i Coll. Sala Planeta de Girona. 2007<br \/>\n<strong>\u2022\u00a0\u201cBorges y S\u00e1bato\u201d<\/strong> Lectura dramatitzada dirigida per Carles Canut. Teatre Romea de Barcelona. 2006<br \/>\n<strong>\u2022\u00a0\u201cLas se\u00f1oritas de Siam\u201d <\/strong>d\u2019Ever Blanchet. Versus teatre de Barcelona. 2005<br \/>\n<strong>\u2022\u00a0\u201cAlgo\u201d<\/strong> d\u2019Alex Ma\u00f1as. Versus teatre de Barcelona i teatre Tarambana de Madrid. 2005-2006<br \/>\n<strong>\u2022\u00a0\u201cGeloses\u201d <\/strong>d\u2019Esther Villar. Teatre Villarroel. Barcelona. 2003<br \/>\n<strong>\u2022\u00a0\u201cTota una senyora\u201d<\/strong> de Montserrat Cornet. Teatre Goya de Barcelona. 2002<\/li>\n<\/ul>\n<p>&nbsp;<\/p>\n<p>FORMACI\u00d3<\/p>\n<ul>\n<li>Llicenciada en Comunicaci\u00f3 Audiovisual. Universitat Pompeu Fabra de Barcelona<br \/>\n<em>Formaci\u00f3 de l\u2019acto<\/em>r: Escola Nancy Tu\u00f1\u00f3n de Barcelona.<br \/>\nEntrenament amb Javier Daulte, Pablo Messiez, Willem Dafoe, Andr\u00e9s Lima&#8230;<br \/>\n<em>Workshops<\/em>. Le jeu, M\u00e9lodrame et Clown con Phillipe Gaulier. Londres.<br \/>\n<em>T\u00e8cnica Meisner<\/em>: Scott Williams. Par\u00eds.<br \/>\n<em>Dan\u00e7a Contempor\u00e0nea<\/em>: Peter Goss,\u00a0 Coco Com\u00edn, Eul\u00e0lia Blasi, Varium.<br \/>\n<em>Flamenc<\/em>. \u00c9cole Flora Albaic\u00edn.<br \/>\n<em>Dan\u00e7a-Teatre<\/em>. Tom\u00e9o Verg\u00e9s. Avignon.<br \/>\nPiano<\/li>\n<\/ul>\n<div class=\"heading\">\n<p>&nbsp;<\/p>\n<p>LLENG\u00dcES<\/p>\n<ul>\n<li>Catal\u00e0<\/li>\n<li>Catell\u00e0<\/li>\n<li>Angl\u00e8s<\/li>\n<li>Franc\u00e8s<\/li>\n<\/ul>\n<p>&nbsp;<\/p>\n<p>ALTRES<\/p>\n<\/div>\n<ul>\n<li>\u2022\u00a0Direcci\u00f3 i gui\u00f3 del curtmetratge<strong> \u201cTiger\u201d<\/strong>. 2015<br \/>\n\u2022\u00a0<strong>\u201cBenvinguts refugiats\u201d<\/strong>. Video per <strong>Save the Children<\/strong>. 2015<br \/>\n<strong><strong>\u2022\u00a0<\/strong>\u201cNico&amp;Sunset\u201d<\/strong> Dir. Oriol Vila i Raquel Salvador. Webs\u00e8rie. 2014<br \/>\n<strong>\u2022\u00a0Video-\u00e0lbum \u201cOn ser\u00e0s dem\u00e0?\u201d <\/strong>de Joan Daus\u00e0. Dir. Dani de la Orden. 2014<br \/>\n<strong>\u2022\u00a0<\/strong>Direcci\u00f3 i gui\u00f3 de la webs\u00e8rie \u201c<strong>L.A. Jungle<\/strong>\u201d. 2013-14<br \/>\n<strong>\u2022\u00a0<\/strong>Direcci\u00f3 del curtmetratge \u201c<strong>Mo-di-f\u00ed-ca-te<\/strong>\u201d. 2005<br \/>\n<strong>\u2022\u00a0<\/strong>Co-guionista de la TVMovie \u201c<strong>Positius<\/strong>\u201d junt amb Alex Ma\u00f1as. 2007<\/li>\n<\/ul>\n<p>&nbsp;<\/p>\n","protected":false},"excerpt":{"rendered":"<p>CINEMA \u201cMirage\u201d Dir. Oriol Paulo, 2018 \u201c7 razones para huir\u201d Dir. Esteve Soler, Gerard Quinto [&hellip;]<\/p>\n","protected":false},"author":1,"featured_media":0,"parent":0,"menu_order":0,"comment_status":"closed","ping_status":"closed","template":"page-career.php","meta":{"footnotes":""},"class_list":["post-10","page","type-page","status-publish","hentry"],"_links":{"self":[{"href":"https:\/\/www.ainaclotet.com\/i\/ca\/wp-json\/wp\/v2\/pages\/10","targetHints":{"allow":["GET"]}}],"collection":[{"href":"https:\/\/www.ainaclotet.com\/i\/ca\/wp-json\/wp\/v2\/pages"}],"about":[{"href":"https:\/\/www.ainaclotet.com\/i\/ca\/wp-json\/wp\/v2\/types\/page"}],"author":[{"embeddable":true,"href":"https:\/\/www.ainaclotet.com\/i\/ca\/wp-json\/wp\/v2\/users\/1"}],"replies":[{"embeddable":true,"href":"https:\/\/www.ainaclotet.com\/i\/ca\/wp-json\/wp\/v2\/comments?post=10"}],"version-history":[{"count":2,"href":"https:\/\/www.ainaclotet.com\/i\/ca\/wp-json\/wp\/v2\/pages\/10\/revisions"}],"predecessor-version":[{"id":606,"href":"https:\/\/www.ainaclotet.com\/i\/ca\/wp-json\/wp\/v2\/pages\/10\/revisions\/606"}],"wp:attachment":[{"href":"https:\/\/www.ainaclotet.com\/i\/ca\/wp-json\/wp\/v2\/media?parent=10"}],"curies":[{"name":"wp","href":"https:\/\/api.w.org\/{rel}","templated":true}]}}